{"id":35,"date":"2016-08-28T10:23:57","date_gmt":"2016-08-28T09:23:57","guid":{"rendered":"https:\/\/erlebnishof-feldhausen.de\/?page_id=35"},"modified":"2022-11-06T19:35:14","modified_gmt":"2022-11-06T18:35:14","slug":"angebot","status":"publish","type":"page","link":"https:\/\/erlebnishof-feldhausen.de\/?page_id=35","title":{"rendered":"Angebot"},"content":{"rendered":"<p>Bei uns k\u00f6nnen die Kinder\/Erwachsene den Umgang mit dem Pferd \/ Pony, reiten, longieren, f\u00fchren, putzen, f\u00fcttern &#8230; lernen. Hierbei sammeln sie viele wichtige Erfahrungen wie, Verantwortung \u00fcbernehmen, Vertrauen aufbauen zu sich, anderen und Pferd, Absprachen und Regeln treffen&#8230; . Das st\u00e4rkt:<\/p>\n<p>&#x263a; das Selbstvertrauen.<br \/>\n&#x263a; die Selbstst\u00e4ndigkeit.<br \/>\n&#x263a; die Sprache.<br \/>\n&#x263a; die Konzentration und Ausdauer<br \/>\n&#x263a; die Grob und Feinmotorik.<br \/>\n&#x263a; die K\u00f6rperwahrnehmung &#8230;&#8230;<\/p>\n<p>Freude erleben &gt; Erfolgserlebnisse haben<\/p>\n<p>UNSER ANGEBOT:<\/p>\n<p>PONYZWERGE:<br \/>\nIn einer kleinen Gruppe, mit Spiel, Spa\u00df und Freude den Umgang mit dem Pferd\/Pony lernen.<\/p>\n<p>REITUNTERRICHT f\u00fcr Anf\u00e4nger\/Einsteiger\/Fortgeschrittene:<br \/>\nIn einer kleinen Gruppe oder im Einzelunterricht den Umgang mit Pferd\/Pony, das F\u00fchrern, Longieren und Reiten mit Spiel, Spa\u00df und Freude zu lernen.<\/p>\n<p>Sonstiges:<\/p>\n<p>In einer Einzel-oder kleinen Gruppe f\u00fcr gro\u00dfe und kleine Menschen<br \/>\nmit \u00c4ngsten oder einer k\u00f6rperlichen, seelischen, oder sozialen Entwicklungsbeeintr\u00e4chtigung ( Besonderheit ), bieten wir die M\u00f6glichkeit die pers\u00f6nliche Entwicklung positiv zu st\u00e4rken.<\/p>\n<p>M\u00f6chten Sie gerne n\u00e4heres \u00fcber unser Angebot erfahren oder haben Sie Fragen zu anderen Aktionen, melden Sie sich gerne telefonisch, per Mail oder WhatsApp bei uns. Auf der Seite Aktuelles finden Sie Informationen zu geplanten Projekten, Ferienprogramm oder Aktionen auf dem Hof.<\/p>\n","protected":false},"excerpt":{"rendered":"<p>Bei uns k\u00f6nnen die Kinder\/Erwachsene den Umgang mit dem Pferd \/ Pony, reiten, longieren, f\u00fchren, putzen, f\u00fcttern &#8230; lernen. Hierbei sammeln sie viele wichtige Erfahrungen wie, Verantwortung \u00fcbernehmen, Vertrauen aufbauen zu sich, anderen und Pferd, Absprachen und Regeln treffen&#8230; . &hellip; <a href=\"https:\/\/erlebnishof-feldhausen.de\/?page_id=35\">Weiterlesen <span class=\"meta-nav\">&rarr;<\/span><\/a><\/p>\n","protected":false},"author":1,"featured_media":0,"parent":0,"menu_order":4,"comment_status":"closed","ping_status":"closed","template":"","meta":[],"_links":{"self":[{"href":"https:\/\/erlebnishof-feldhausen.de\/index.php?rest_route=\/wp\/v2\/pages\/35"}],"collection":[{"href":"https:\/\/erlebnishof-feldhausen.de\/index.php?rest_route=\/wp\/v2\/pages"}],"about":[{"href":"https:\/\/erlebnishof-feldhausen.de\/index.php?rest_route=\/wp\/v2\/types\/page"}],"author":[{"embeddable":true,"href":"https:\/\/erlebnishof-feldhausen.de\/index.php?rest_route=\/wp\/v2\/users\/1"}],"replies":[{"embeddable":true,"href":"https:\/\/erlebnishof-feldhausen.de\/index.php?rest_route=%2Fwp%2Fv2%2Fcomments&post=35"}],"version-history":[{"count":19,"href":"https:\/\/erlebnishof-feldhausen.de\/index.php?rest_route=\/wp\/v2\/pages\/35\/revisions"}],"predecessor-version":[{"id":322,"href":"https:\/\/erlebnishof-feldhausen.de\/index.php?rest_route=\/wp\/v2\/pages\/35\/revisions\/322"}],"wp:attachment":[{"href":"https:\/\/erlebnishof-feldhausen.de\/index.php?rest_route=%2Fwp%2Fv2%2Fmedia&parent=35"}],"curies":[{"name":"wp","href":"https:\/\/api.w.org\/{rel}","templated":true}]}}