{"id":30,"date":"2016-08-28T10:20:36","date_gmt":"2016-08-28T09:20:36","guid":{"rendered":"https:\/\/erlebnishof-feldhausen.de\/?page_id=30"},"modified":"2025-06-02T11:26:18","modified_gmt":"2025-06-02T10:26:18","slug":"ueber-uns","status":"publish","type":"page","link":"https:\/\/erlebnishof-feldhausen.de\/","title":{"rendered":"\u00dcber uns"},"content":{"rendered":"<p>Wir sind Familie Schwarz, leben und arbeiten auf dem Erlebnishof-Feldhausen, am Rande von Bremen. Gemeinsam mit unseren Tieren und unserem p\u00e4dagogisch, therapeutisch und reiterlich ausgebildeten Team m\u00f6chten wir mit Spiel, Spa\u00df, Abenteuer, Reiten und vieles mehr&#8230; unsere kleinen und gro\u00dfen Besucher begeistern.<\/p>\n","protected":false},"excerpt":{"rendered":"<p>Wir sind Familie Schwarz, leben und arbeiten auf dem Erlebnishof-Feldhausen, am Rande von Bremen. Gemeinsam mit unseren Tieren und unserem p\u00e4dagogisch, therapeutisch und reiterlich ausgebildeten Team m\u00f6chten wir mit Spiel, Spa\u00df, Abenteuer, Reiten und vieles mehr&#8230; unsere kleinen und gro\u00dfen &hellip; <a href=\"https:\/\/erlebnishof-feldhausen.de\/\">Weiterlesen <span class=\"meta-nav\">&rarr;<\/span><\/a><\/p>\n","protected":false},"author":1,"featured_media":0,"parent":0,"menu_order":0,"comment_status":"closed","ping_status":"closed","template":"","meta":[],"_links":{"self":[{"href":"https:\/\/erlebnishof-feldhausen.de\/index.php?rest_route=\/wp\/v2\/pages\/30"}],"collection":[{"href":"https:\/\/erlebnishof-feldhausen.de\/index.php?rest_route=\/wp\/v2\/pages"}],"about":[{"href":"https:\/\/erlebnishof-feldhausen.de\/index.php?rest_route=\/wp\/v2\/types\/page"}],"author":[{"embeddable":true,"href":"https:\/\/erlebnishof-feldhausen.de\/index.php?rest_route=\/wp\/v2\/users\/1"}],"replies":[{"embeddable":true,"href":"https:\/\/erlebnishof-feldhausen.de\/index.php?rest_route=%2Fwp%2Fv2%2Fcomments&post=30"}],"version-history":[{"count":11,"href":"https:\/\/erlebnishof-feldhausen.de\/index.php?rest_route=\/wp\/v2\/pages\/30\/revisions"}],"predecessor-version":[{"id":324,"href":"https:\/\/erlebnishof-feldhausen.de\/index.php?rest_route=\/wp\/v2\/pages\/30\/revisions\/324"}],"wp:attachment":[{"href":"https:\/\/erlebnishof-feldhausen.de\/index.php?rest_route=%2Fwp%2Fv2%2Fmedia&parent=30"}],"curies":[{"name":"wp","href":"https:\/\/api.w.org\/{rel}","templated":true}]}}